{"id":35,"date":"2016-05-23T12:38:25","date_gmt":"2016-05-23T10:38:25","guid":{"rendered":"https:\/\/www.cer-srl.it\/?page_id=35"},"modified":"2018-07-23T16:11:45","modified_gmt":"2018-07-23T14:11:45","slug":"faq","status":"publish","type":"page","link":"https:\/\/www.cer-srl.it\/?page_id=35","title":{"rendered":"FAQ"},"content":{"rendered":"<p style=\"text-align: justify;\">In questa pagina del sito puoi trovare le risposte ai quesiti che vengono posti spesso dai clienti (FAQ = Frequently Asked Questions).<\/p>\n<p style=\"text-align: justify;\">Abbiamo deciso di costruire questa pagina del sito riportando alcune domande e risposte dell&#8217;<strong>Atlante dei Diritti del Consumatore di Energia curato dall&#8217;Autorit\u00e0 di regolazione per Energia, Reti e Ambiente<\/strong>.<\/p>\n<p style=\"text-align: justify;\">Se non trovi la domanda e la risposta che cercavi puoi consultare direttamente l&#8217;Atlante dei Diritti del Conumatore cliccando <a href=\"https:\/\/www.arera.it\/atlante\/it\/elettricita\/capitolo_1\/elenco_domande_paragrafo_1.htm\">qui<\/a> oppure inviandoci una mail a <a href=\"mailto:info@cerscarl.it\">info@cerscarl.it<\/a> o contattandoci attraverso il modulo che trovi nella pagina dei <a href=\"https:\/\/www.cer-srl.it\/?page_id=19\">contatti<\/a>.<\/p>\n<p style=\"text-align: justify;\"><span style=\"color: #005da8;\">Che cos&#8217;\u00e8 il mercato libero?<\/span><\/p>\n<p style=\"text-align: justify;\">Secondo quanto previsto dall&#8217;Unione europea, da alcuni anni in Italia, come nel resto dei Paesi del continente, ogni consumatore domestico e non domestico pu\u00f2 liberamente decidere da quale venditore e a quali condizioni acquistare energia elettrica e gas per le necessit\u00e0 della propria abitazione.<\/p>\n<p style=\"text-align: justify;\">Chi esercita questo diritto entra nel cosiddetto &#8220;mercato libero&#8221;, dove \u00e8 il cliente a decidere quale venditore o tipo di contratto scegliere e quando eventualmente cambiarli selezionando un&#8217;offerta che ritiene pi\u00f9 interessante e conveniente. Si tratta di una scelta volontaria, che non prevede alcun obbligo.<\/p>\n<p style=\"text-align: justify;\">Al cliente finale che non esercita questa scelta o che \u00e8 impossibilitato a farlo,saranno applicate le condizioni economiche e contrattuali regolate dall&#8217;Autorit\u00e0.<\/p>\n<p style=\"text-align: justify;\"><span style=\"color: #005da8;\">Quanto tempo serve per passare dal vecchio al nuovo venditore?<\/span><\/p>\n<p style=\"text-align: justify;\">Per il passaggio effettivo alla nuova fornitura occorrono da uno a due mesi: la nuova fornitura comincia nel momento in cui il nuovo venditore ha compiuto tutti gli atti necessari per gestire gli aspetti tecnici e commerciali del passaggio. La data prevista per il passaggio effettivo deve essere comunicata dal nuovo venditore al momento della firma del contratto.<\/p>\n<p style=\"text-align: justify;\"><span style=\"color: #005da8;\">Quanto tempo prima si deve dare il preavviso al vecchio venditore?<\/span><\/p>\n<p style=\"text-align: justify;\">Il termine massimo di preavviso per il recesso dal vecchio contratto di fornitura \u00e8 di un mese a partire dal primo giorno del mese successivo a quello in cui il vecchio venditore ha ricevuto la comunicazione di recesso. Se, per esempio, la riceve il 2 gennaio, il mese decorrer\u00e0 dal 1\u00b0 febbraio.<\/p>\n<p style=\"text-align: justify;\"><span style=\"color: #005da8;\">Che cosa \u00e8 il servizio di Maggior Tutela?<\/span><\/p>\n<p style=\"text-align: justify;\">E&#8217; la fornitura di energia elettrica, con condizioni economiche e contrattuali regolate dall&#8217;Autorit\u00e0, per i clienti che ne hanno diritto e che non scelgono un nuovo contratto nel mercato libero.<\/p>\n<p style=\"text-align: justify;\"><span style=\"color: #005da8;\">Chi ha diritto al Servizio di Maggior Tutela?<\/span><\/p>\n<p style=\"text-align: justify;\">Il\u00a0Servizio di Maggior Tutela si applica alle utenze domestiche, alle utenze per usi diversi dall&#8217;abitazione o\u00a0per illuminazione pubblica\u00a0(ossia piccole imprese connesse in bassa tensione aventi meno di 50 dipendenti e fatturato annuo non superiore a 10 milioni di Euro).<\/p>\n<p style=\"text-align: justify;\"><span style=\"color: #005da8;\">E&#8217; possibile tornare nel Servizio di Maggior Tutela dal mercato libero?<\/span><\/p>\n<p style=\"text-align: justify;\">S\u00ec, alla Maggior Tutela possono attualmente tornare anche i clienti che hanno gi\u00e0 sottoscritto un&#8217;offerta nel mercato libero. Inoltre possono tornare anche i clienti che rimangono senza venditore (ad esempio in seguito al fallimento dell&#8217;impresa di vendita).<\/p>\n<p style=\"text-align: justify;\"><span style=\"color: #005da8;\">Tornare al Servizio di Maggior Tutela costa qualcosa?<\/span><\/p>\n<p style=\"text-align: justify;\">No. Per l&#8217;eventuale procedura di rientro dal mercato libero al Servizio di Maggior Tutela non \u00e8 previsto alcun costo, fatti salvi gli eventuali costi connessi con la sottoscrizione del nuovo contratto (bollo e deposito cauzionale o altra garanzia).<\/p>\n<p style=\"text-align: justify;\"><span style=\"color: #005da8;\">Sono previsti obblighi di trasparenza per imprese singole o che appartengono a gruppi che operano sia nel servizio di maggior tutela sia nel mercato libero?<\/span><\/p>\n<p style=\"text-align: justify;\">S\u00ec. Nel caso del mercato elettrico l&#8217;esercente che offre sia il servizio di maggior tutela sia il servizio di vendita nel mercato libero deve rispettare precisi obblighi nei confronti dei clienti. In particolare deve indicare in tutta la modulistica e nelle comunicazioni rivolte al cliente il servizio o l&#8217;attivit\u00e0 a cui i medesimi si riferiscono se:<\/p>\n<ul style=\"text-align: justify;\">\n<li>svolgono in maniera integrata sia il servizio di maggior tutela sia l&#8217;attivit\u00e0 di vendita di energia elettrica ai clienti del mercato libero;<\/li>\n<li>appartengono a gruppi societari nei quali \u00e8 presente una societ\u00e0 che svolge il servizio di maggior tutela e utilizzano nella comunicazione e nei rapporti con i clienti il marchio del gruppo in maniera predominante rispetto all&#8217;identificativo della singola societ\u00e0.<\/li>\n<\/ul>\n<p style=\"text-align: justify;\"><span style=\"color: #005da8;\">Da che cosa \u00e8 formato il costo della fornitura di energia elettrica? Ovvero, che cosa si paga con la bolletta?<\/span><\/p>\n<p style=\"text-align: justify;\">Il costo del servizio di fornitura di elettricit\u00e0 \u00e8 formato da quattro componenti principali:<\/p>\n<ul style=\"text-align: justify;\">\n<li>spesa per la materia energia;<\/li>\n<li>spesa per il trasporto e la gestione del contatore;<\/li>\n<li>spesa per oneri di sistema;<\/li>\n<li>totale imposte e IVA.<\/li>\n<\/ul>\n<p style=\"text-align: justify;\"><span style=\"color: #005da8;\">Che cosa \u00e8 la spesa per la materia energia?<\/span><\/p>\n<p style=\"text-align: justify;\">Sono gli importi fatturati relativamente alle diverse attivit\u00e0 svolte dal venditore per fornire l&#8217;energia elettrica al cliente finale.<br \/>\nComprende le voci relative all&#8217;acquisto dell&#8217;energia, al dispacciamento (il servizio che garantisce in ogni istante l&#8217;equilibrio tra la domanda e l&#8217;offerta di energia elettrica) e alla commercializzazione al dettaglio (legata alla gestione dei clienti) pi\u00f9 eventuali importi fatturati relativi alle componenti dei meccanismi perequativi dei costi di approvvigionamento.Per i clienti serviti in maggior tutela, l&#8217;Autorit\u00e0 definisce e aggiorna ogni 3 mesi le condizioni economiche di riferimento, tenendo conto principalmente dell&#8217;andamento delle quotazioni internazionali degli idrocarburi (petrolio e gas).<br \/>\nNel mercato libero i costi per la spesa per la materia energia sono stabiliti nel contratto di fornitura, ed \u00e8 su questi costi che si gioca la concorrenza tra le imprese di vendita.<\/p>\n<p style=\"text-align: justify;\"><span style=\"color: #005da8;\">Che cosa \u00e8 la spesa per il trasporto e la gestione del contatore?<\/span><\/p>\n<p style=\"text-align: justify;\">Sono i costi sostenuti dal distributore per il trasporto dell&#8217;energia (a livello nazionale e locale) fino al contatore del cliente e per la lettura dei consumi.<br \/>\nQuesta componente rappresenta in media il 15% della spesa totale lorda ed \u00e8 coperta da tariffe stabilite dall&#8217;Autorit\u00e0 con criteri uniformi per l&#8217;intero territorio nazionale.<br \/>\nNella bolletta, gli importi pagati per tali attivit\u00e0 sono suddivisi in: Quota fissa, Quota variabile e Quota potenza.<\/p>\n<p style=\"text-align: justify;\"><span style=\"color: #005da8;\">Che cosa \u00e8 la spesa per oneri di sistema?<\/span><\/p>\n<p style=\"text-align: justify;\">Sono gli importi fatturati per coprire i costi relativi ad attivit\u00e0 di interesse generale per il sistema elettrico, e che vengono pagati da tutti i clienti finali del servizio elettrico.<br \/>\nIn particolare per:<\/p>\n<ul style=\"text-align: justify;\">\n<li>messa in sicurezza del nucleare e misure di compensazione territoriale;<\/li>\n<li>incentivi alle fonti rinnovabili e assimilate;<\/li>\n<li>copertura delle agevolazioni tariffarie riconosciute per il settore ferroviario;<\/li>\n<li>sostegno alla ricerca di sistema;<\/li>\n<li>copertura del bonus elettrico (non viene pagato dai clienti cui \u00e8 stato riconosciuto il bonus sociale);<\/li>\n<li>copertura delle agevolazioni per le imprese a forte consumo di energia;<\/li>\n<li>integrazioni delle imprese elettriche minori e promozione efficienza energetica.<\/li>\n<\/ul>\n<p style=\"text-align: justify;\"><span style=\"color: #005da8;\">Che cosa \u00e8 la componente \u201ctotale imposte e IVA\u201d?<\/span><\/p>\n<p style=\"text-align: justify;\">Riguarda le voci relative all&#8217;imposta di consumo (accisa) e all&#8217;imposta sul valore aggiunto (IVA).<br \/>\nLa bolletta riporta, oltre alla voce sintetica relativa al totale dovuto per imposte e accisa, un riquadro nel quale sono evidenziate:<\/p>\n<ul style=\"text-align: justify;\">\n<li>per accisa l&#8217;ammontare dei kWh cui sono applicate le singole aliquote;<\/li>\n<li>per l&#8217;IVA la base imponibile e la relativa aliquota applicata.<\/li>\n<\/ul>\n<p style=\"text-align: justify;\"><span style=\"color: #005da8;\">Che cosa \u00e8 la potenza impegnata?<\/span><\/p>\n<p style=\"text-align: justify;\">E&#8217; il livello di potenza contrattualizzato con il proprio fornitore.<br \/>\nE&#8217; definita in base alle esigenze del cliente al momento della conclusione del contratto, in funzione del tipo (e del numero) di apparecchi elettrici normalmente utilizzati. Per la maggior parte delle abitazioni, e quindi dei clienti domestici, la potenza impegnata \u00e8 di 3 kW.Per i clienti con potenza contrattualmente impegnata fino a 30 kW (senza misura della potenza massima prelevata nel mese), la potenza disponibile corrisponde alla potenza impegnata aumentata almeno del 10%. Per la maggior parte delle abitazioni, e quindi dei clienti domestici, la potenza disponibile \u00e8 di 3,3 kW.La potenza disponibile \u00e8 effettivamente la potenza massima prelevabile, al di sopra della quale potrebbe interrompersi l&#8217;erogazione dell&#8217;energia a causa dello &#8220;scatto&#8221; automatico del contatore.<br \/>\nQualora fosse necessaria una potenza impegnata maggiore di quella contrattualizzata, per soddisfare fabbisogni pi\u00f9 elevati, occorre presentare una specifica richiesta al venditore.<\/p>\n<p style=\"text-align: justify;\"><span style=\"color: #005da8;\">Che cosa \u00e8 la quota fissa?<\/span><\/p>\n<p style=\"text-align: justify;\">\u00c8 la parte del prezzo, espressa in euro\/anno, che si paga per avere un punto di consegna attivo, anche in assenza di consumo e, nel caso dell&#8217;elettricit\u00e0, qualunque sia la potenza impegnata.<br \/>\nIl prezzo annuo viene applicato in bolletta in quote mensili o giornaliere.<\/p>\n<p style=\"text-align: justify;\"><span style=\"color: #005da8;\">Che cosa sono le condizioni economiche del servizio di maggior tutela?<\/span><\/p>\n<p style=\"text-align: justify;\">Sono i prezzi di riferimento fissati dall&#8217;Autorit\u00e0 e applicati ai clienti del servizio di maggior tutela.<\/p>\n<p style=\"text-align: justify;\"><span style=\"color: #005da8;\">Che cosa sono i prezzi biorari?<\/span><\/p>\n<p style=\"text-align: justify;\">Sono prezzi differenziati a seconda dei diversi momenti in cui si consuma l&#8217;energia elettrica.<\/p>\n<p style=\"text-align: justify;\"><span style=\"color: #005da8;\">A chi si applicano i prezzi biorari?<\/span><\/p>\n<p style=\"text-align: justify;\">I prezzi biorari sono applicati ai clienti serviti nella maggior tutela, gi\u00e0 dotati di contatore elettronico teleletto, telegestito e abilitato alla registrazione dei consumi per fasce orarie.<br \/>\nI prezzi biorari sono:<\/p>\n<ul style=\"text-align: justify;\">\n<li>pi\u00f9 bassi dalle 19:00 alle 8:00 dei giorni feriali, il sabato, la domenica e negli altri giorni festivi (fasce F2 e F3);<\/li>\n<li>pi\u00f9 alti dalle 8:00 alle 19:00 dei giorni feriali (fascia F1).<\/li>\n<\/ul>\n<p style=\"text-align: justify;\">Per consentire ai clienti di capire come sono distribuiti i propri consumi nelle diverse fasce, l&#8217;Autorit\u00e0 ha previsto che in bolletta, i venditori d&#8217;energia elettrica debbano comunicare a ogni cliente la ripartizione dei suoi consumi secondo i diversi momenti.Nel mercato libero il cliente potr\u00e0 avere prezzi biorari o monorari a seconda del contratto sottoscritto.<\/p>\n<p style=\"text-align: justify;\"><span style=\"color: #005da8;\">Che cosa sono i contratti con prezzi indicizzati?<\/span><\/p>\n<p style=\"text-align: justify;\">Sono contratti con i prezzi che variano automaticamente in base alle variazioni di un indice di riferimento.<br \/>\nIn caso d&#8217;offerta a prezzo indicizzato, insieme con l&#8217;indicazione del prezzo o della componente indicizzata, deve essere evidenziata la frequenza delle possibili variazioni.<br \/>\nSe il meccanismo d&#8217;indicizzazione \u00e8 diverso da quello adottato dall&#8217;Autorit\u00e0, il venditore deve descrivere sinteticamente e indicare, sia nel contratto sia nella scheda di confrontabilit\u00e0, quale \u00e8 il meccanismo d&#8217;indicizzazione adottato, il prezzo massimo raggiunto negli ultimi 12 mesi e il periodo in cui questo prezzo massimo \u00e8 stato raggiunto.<\/p>\n<p style=\"text-align: justify;\"><span style=\"color: #005da8;\">Che cosa sono i contratti con prezzo fisso?<\/span><\/p>\n<p style=\"text-align: justify;\">Sono contratti (di mercato libero) in cui il prezzo della materia energia viene mantenuto fisso per un certo periodo di tempo, che varia da contratto a contratto (12, 24, 36 mesi&#8230;..)<br \/>\nDi solito le altre componenti (trasporto e gestione del contatore, oneri di sistema) cambiano periodicamente secondo le variazioni stabilite dall&#8217;Autorit\u00e0.<br \/>\n\u00c8 bene comunque verificare sul proprio contratto, nella parte relativa alle condizioni economiche e nelle Schede di confrontabilit\u00e0.<\/p>\n<p style=\"text-align: justify;\"><span style=\"color: #005da8;\">Che cos&#8217;\u00e8 il bonus sulla bolletta elettrica?<\/span><\/p>\n<p style=\"text-align: justify;\">E&#8217; uno strumento introdotto dal Governo e reso operativo dall&#8217;Autorit\u00e0 per l&#8217;energia con la collaborazione dei Comuni, per garantire alle famiglie in condizione di disagio economico e alle famiglie numerose un risparmio sulla spesa per l&#8217;energia elettrica. Il bonus elettrico \u00e8 previsto anche per i casi di disagio fisico, cio\u00e8 per i casi in cui una grave malattia costringa all&#8217;utilizzo di apparecchiature elettromedicali indispensabili per il mantenimento in vita.<\/p>\n<p style=\"text-align: justify;\"><span style=\"color: #005da8;\">Chi ha diritto al bonus elettrico?<\/span><\/p>\n<p style=\"text-align: justify;\">Possono accedere al bonus tutti i clienti domestici intestatari di un contratto di fornitura elettrica, per la sola abitazione di residenza, con potenza impegnata fino a 3 kW per un numero di familiari con la stessa residenza fino a 4, o fino a 4,5 Kw, per un numero di familiari con la stessa residenza superiore a 4, e:<\/p>\n<ul style=\"text-align: justify;\">\n<li>appartenenti ad un nucleo familiare con indicatore ISEE non superiore a 7500 euro;<\/li>\n<li>appartenenti ad un nucleo familiare con pi\u00f9 di 3 figli a carico e ISEE non superiore a 20.000 euro<\/li>\n<li>presso i quali viva un malato grave che debba usare macchine elettromedicali per il mantenimento in vita. in questo caso senza limitazioni di residenza o potenza impegnata.<\/li>\n<\/ul>\n<p style=\"text-align: justify;\"><span style=\"color: #005da8;\">Che cosa \u00e8 il diritto di recesso e come si esercita?<\/span><\/p>\n<p style=\"text-align: justify;\">Se il cliente trova un&#8217;offerta che ritiene pi\u00f9 conveniente pu\u00f2 cambiare venditore e stipulare un nuovo contratto chiudendo il contratto precedente (recesso) in qualsiasi momento, purch\u00e9 nel rispetto di un termine di preavviso che non pu\u00f2 essere superiore a un mese per i clienti domestici e a tre mesi per i non domestici in bassa tensione. Il tempo viene conteggiato dal primo giorno del mese successivo a quello in cui il vecchio venditore ha ricevuto la comunicazione scritta di recesso. Se, per esempio, la riceve il 2 gennaio, il mese decorrer\u00e0 dal 1\u00b0 febbraio.Per i clienti domestici, sar\u00e0 il nuovo venditore a dover comunicare il recesso al vecchio venditore non appena trascorsi, se applicabili, i 14 giorni previsti perch\u00e9 il cliente possa eventualmente esercitare il diritto di ripensamento dal nuovo contratto. I clienti non domestici possono inviare loro stessi il recesso, oppure delegare il nuovo venditore. Se il cliente vuol semplicemente cessare la fornitura, senza cambiare fornitore, dovr\u00e0 inviare la comunicazione di recesso al suo venditore, specificando che si tratta di una cessazione. In questi casi il preavviso non pu\u00f2 essere superiore ad un mese. L&#8217;invio della comunicazione di recesso con le modalit\u00e0 previste dal contratto \u00e8 un obbligo.<\/p>\n<p style=\"text-align: justify;\"><span style=\"color: #005da8;\">Che cos&#8217;\u00e8 la voltura?<\/span><\/p>\n<p style=\"text-align: justify;\">\u00c8 il\u00a0 passaggio del contratto di fornitura da un cliente ad un altro con il medesimo venditore e senza interruzione dell&#8217;erogazione di energia elettrica e di gas.<\/p>\n<p style=\"text-align: justify;\"><span style=\"color: #005da8;\">Come si richiede una voltura?<\/span><\/p>\n<p style=\"text-align: justify;\">La richiesta di voltura va presentata al venditore che sta erogando il servizio, secondo le modalit\u00e0 previste dal venditore stesso. In base alla legge, il cliente che richiede la voltura deve dimostrare, anche tramite autocertificazione, di avere &#8220;titolo che attesti la propriet\u00e0, il regolare possesso o la regolare detenzione dell&#8217;unit\u00e0 immobiliare&#8221;.<\/p>\n<p style=\"text-align: justify;\"><span style=\"color: #005da8;\">Cos&#8217;\u00e8 la Bolletta 2.0?<\/span><\/p>\n<p style=\"text-align: justify;\">Trovi tutte le informazioni sulla Bolletta 2.0 <a href=\"https:\/\/bolletta.autorita.energia.it\/bolletta20\/index.php\/home\/elettricita\/dati-del-cliente-e-della-fornitura\">qui<\/a>.<\/p>\n","protected":false},"excerpt":{"rendered":"<p>In questa pagina del sito puoi trovare le risposte ai quesiti che vengono posti spesso dai clienti (FAQ = Frequently Asked Questions). Abbiamo deciso di costruire questa pagina del sito riportando alcune domande e risposte dell&#8217;Atlante dei Diritti del Consumatore<\/p>\n","protected":false},"author":1,"featured_media":0,"parent":0,"menu_order":0,"comment_status":"closed","ping_status":"closed","template":"","meta":{"footnotes":""},"class_list":["post-35","page","type-page","status-publish","hentry"],"_links":{"self":[{"href":"https:\/\/www.cer-srl.it\/index.php?rest_route=\/wp\/v2\/pages\/35","targetHints":{"allow":["GET"]}}],"collection":[{"href":"https:\/\/www.cer-srl.it\/index.php?rest_route=\/wp\/v2\/pages"}],"about":[{"href":"https:\/\/www.cer-srl.it\/index.php?rest_route=\/wp\/v2\/types\/page"}],"author":[{"embeddable":true,"href":"https:\/\/www.cer-srl.it\/index.php?rest_route=\/wp\/v2\/users\/1"}],"replies":[{"embeddable":true,"href":"https:\/\/www.cer-srl.it\/index.php?rest_route=%2Fwp%2Fv2%2Fcomments&post=35"}],"version-history":[{"count":14,"href":"https:\/\/www.cer-srl.it\/index.php?rest_route=\/wp\/v2\/pages\/35\/revisions"}],"predecessor-version":[{"id":404,"href":"https:\/\/www.cer-srl.it\/index.php?rest_route=\/wp\/v2\/pages\/35\/revisions\/404"}],"wp:attachment":[{"href":"https:\/\/www.cer-srl.it\/index.php?rest_route=%2Fwp%2Fv2%2Fmedia&parent=35"}],"curies":[{"name":"wp","href":"https:\/\/api.w.org\/{rel}","templated":true}]}}