{"id":15,"date":"2016-05-23T11:09:42","date_gmt":"2016-05-23T09:09:42","guid":{"rendered":"https:\/\/www.cer-srl.it\/?page_id=15"},"modified":"2016-06-16T15:32:21","modified_gmt":"2016-06-16T13:32:21","slug":"chi-siamo","status":"publish","type":"page","link":"https:\/\/www.cer-srl.it\/?page_id=15","title":{"rendered":"CHI SIAMO"},"content":{"rendered":"<p style=\"text-align: justify;\">Siamo la societ\u00e0 di vendita dell&#8217;<span style=\"color: #005da8;\"><strong>energia elettrica<\/strong><\/span> prodotta dalle centrali del gruppo C&amp;T S.p.A. che produce energia in Italia <span style=\"color: #005da8;\"><strong>esclusivamente da fonti rinnovabili<\/strong><\/span>.<\/p>\n<p style=\"text-align: justify;\"><strong>I NOSTRI PUNTI DI FORZA<\/strong><\/p>\n<p style=\"text-align: justify;\">Siamo una societ\u00e0 di vendita di energia elettrica ma <span style=\"color: #005da8;\"><strong>non siamo come tutte le altre<\/strong><\/span>:<\/p>\n<p style=\"text-align: justify;\"><img loading=\"lazy\" decoding=\"async\" class=\" wp-image-197 alignright\" src=\"https:\/\/www.cer-srl.it\/wp-content\/uploads\/2016\/05\/IMG_4010-1024x683.jpg\" alt=\"IMG_4010\" width=\"496\" height=\"331\" srcset=\"https:\/\/www.cer-srl.it\/wp-content\/uploads\/2016\/05\/IMG_4010-1024x683.jpg 1024w, https:\/\/www.cer-srl.it\/wp-content\/uploads\/2016\/05\/IMG_4010-300x200.jpg 300w, https:\/\/www.cer-srl.it\/wp-content\/uploads\/2016\/05\/IMG_4010-768x512.jpg 768w\" sizes=\"auto, (max-width: 496px) 100vw, 496px\" \/><\/p>\n<p style=\"text-align: justify;\"><span style=\"text-decoration: underline;\">100% RINNOVABILE<\/span><\/p>\n<p style=\"text-align: justify;\">Il Mondo ha bisogno di una mano! E&#8217; in atto una rivoluzione verde a cui non possiamo non partecipare, in gioco c&#8217;\u00e8 il destino del nostro pianeta, lo stesso che sar\u00e0 domani dei nostri figli. Per consegnare alle generazioni future un Mondo bello come il nostro, addirittura migliore, \u00e8 necessario e non pi\u00f9 rimandabile adottare ogni giorno comportamenti volti alla salvaguardia dell&#8217;ambiente. Per questo la nostra energia \u00e8 <span style=\"color: #005da8;\"><strong>100% rinnovabile<\/strong><\/span>, da impianti fotovoltaici, idroelettrici e a biomasse vegetali.<\/p>\n<p style=\"text-align: justify;\"><span style=\"text-decoration: underline;\">CONTATTO DIRETTO<\/span><\/p>\n<p style=\"text-align: justify;\">Abbiamo scelto di non ricorrere ad un call center esterno perch\u00e8 crediamo che il cliente debba poter <strong><span style=\"color: #005da8;\">parlare direttamente con uno di noi<\/span><\/strong>, per chiedere informazioni, per capire, per risolvere eventuali problemi. Quando un cliente ci chiama o viene a trovarci nei nostri uffici parla e incontra persone, non numeri.<\/p>\n<p style=\"text-align: justify;\"><span style=\"text-decoration: underline;\">SERVIZI INTEGRATI<\/span><\/p>\n<p style=\"text-align: justify;\">Operando all&#8217;interno del gruppo C&amp;T S.p.A., un gruppo che ha una solida esperienza nel mondo dell&#8217;efficenza energetica, se lo desideri, possiamo offrirti una serie di <strong><span style=\"color: #005da8;\">servizi aggiuntivi personalizzati<\/span><\/strong> volti alla riduzione dei tuoi consumi energetici, che tu sia un privato o un&#8217;azienda. I nostri servizi vanno dalla semplice realizzazione di un impianto fotovoltaico per la tua casa alla pi\u00f9 complessa messa in atto di un piano integrato di riduzione dei consumi energetici della tua azienda, il tutto con il grande vantaggio di avere un unico interlocutore.<\/p>\n<p style=\"text-align: justify;\"><strong>SCEGLIERE DI AIUTARE IL PIANETA<\/strong><\/p>\n<blockquote>\n<p style=\"text-align: justify;\"><em>Scegliere la nostra energia significa scegliere e <span style=\"color: #005da8;\"><strong>percorrere insieme a noi la strada dell&#8217;energia pulita<\/strong><\/span> che oltre a farti risparmiare riduce l&#8217;inquinamento ambientale e la dipendenza energetica dai paesi produttori di combustibili fossili.<\/em><\/p>\n<\/blockquote>\n","protected":false},"excerpt":{"rendered":"<p>Siamo la societ\u00e0 di vendita dell&#8217;energia elettrica prodotta dalle centrali del gruppo C&amp;T S.p.A. che produce energia in Italia esclusivamente da fonti rinnovabili. I NOSTRI PUNTI DI FORZA Siamo una societ\u00e0 di vendita di energia elettrica ma non siamo come<\/p>\n","protected":false},"author":1,"featured_media":0,"parent":0,"menu_order":0,"comment_status":"closed","ping_status":"closed","template":"","meta":{"footnotes":""},"class_list":["post-15","page","type-page","status-publish","hentry"],"_links":{"self":[{"href":"https:\/\/www.cer-srl.it\/index.php?rest_route=\/wp\/v2\/pages\/15","targetHints":{"allow":["GET"]}}],"collection":[{"href":"https:\/\/www.cer-srl.it\/index.php?rest_route=\/wp\/v2\/pages"}],"about":[{"href":"https:\/\/www.cer-srl.it\/index.php?rest_route=\/wp\/v2\/types\/page"}],"author":[{"embeddable":true,"href":"https:\/\/www.cer-srl.it\/index.php?rest_route=\/wp\/v2\/users\/1"}],"replies":[{"embeddable":true,"href":"https:\/\/www.cer-srl.it\/index.php?rest_route=%2Fwp%2Fv2%2Fcomments&post=15"}],"version-history":[{"count":40,"href":"https:\/\/www.cer-srl.it\/index.php?rest_route=\/wp\/v2\/pages\/15\/revisions"}],"predecessor-version":[{"id":248,"href":"https:\/\/www.cer-srl.it\/index.php?rest_route=\/wp\/v2\/pages\/15\/revisions\/248"}],"wp:attachment":[{"href":"https:\/\/www.cer-srl.it\/index.php?rest_route=%2Fwp%2Fv2%2Fmedia&parent=15"}],"curies":[{"name":"wp","href":"https:\/\/api.w.org\/{rel}","templated":true}]}}